{"id":7569,"date":"2021-06-18T03:35:59","date_gmt":"2021-06-18T00:35:59","guid":{"rendered":"https:\/\/projectacceled.com\/?page_id=7569"},"modified":"2022-07-14T12:06:51","modified_gmt":"2022-07-14T06:06:51","slug":"contacts","status":"publish","type":"page","link":"https:\/\/project-acceled.amu.kz\/en\/contacts\/","title":{"rendered":"Contacts"},"content":{"rendered":"\n<p><\/p><div id=\"pew_contacts_map\">\n<script type=\"text\/javascript\" charset=\"utf-8\" async=\"\" src=\"https:\/\/api-maps.yandex.ru\/services\/constructor\/1.0\/js\/?um=constructor%3Aca172ef860275e8fddafb31dec31dfbd7391761c08cd1b42d869dae380bc3a6d&amp;width=100%25&amp;height=464&amp;lang=ru_RU&amp;scroll=true\"><\/script>\n<\/div>\n<div class=\"pew_contacts_info\">\n\t<div class=\"pew_contacts_info_row\">\n\t\t<div class=\"pew_contacts_info_label\"><i class=\"fa fa-map-marker\"><\/i>Address:<\/div>\n\t\t<div class=\"pew_contacts_info_value\">Kazakhstan, Nur-Sultan city, Beybitshilik street 49A<\/div>\n\t<\/div>\n\t\n<\/div>\n<br><br><br>\n\n\n\n<p class=\"has-medium-font-size\"><a href=\"https:\/\/www.facebook.com\/acceled.nursing\"><\/a><strong>Contact us<\/strong><\/p>\n\n\n\n<hr class=\"wp-block-separator has-css-opacity\"\/>\n\n\n\n<figure class=\"wp-block-table is-style-regular\"><table class=\"has-fixed-layout\"><tbody><tr><td><strong>Coordinators<\/strong><\/td><td><strong>Editorial team<\/strong><\/td><td><strong>Follow us<\/strong><\/td><\/tr><tr><td><strong>J\u016brat\u0117 Macijauskien\u0117, <\/strong>project coordinator<br><a href=\"mailto:jurate.macijauskiene@lsmuni.lt\">jurate.macijauskiene@lsmuni.lt<\/a><br><strong>\u017divil\u0117 Kepe\u017einskien\u0117, <\/strong>project manager<br><a href=\"mailto:zivile.kepezinskiene@lsmu.lt\">zivile.kepezinskiene@lsmu.lt<\/a><\/td><td><strong>ASTANA MEDICAL UNIVERSITY<\/strong> <br>Beybitshilik street 49A <a href=\"mailto:acceled.nursing@gmail.com\">acceled.nursing@gmail.com<\/a> <br><strong>Dinara Kozhakhmetova, <\/strong>responsible for WP4 Dissemination<br><a href=\"mailto:kozhahmetova.d@amu.kz\">kozhahmetova.d@amu.kz<\/a> <br><strong>Baituganova Aizhan Nurzhanovna<\/strong> ,\u00a0Master of Nursing<br><a href=\"https:\/\/e.mail.ru\/compose?To=baituganova.an@mail.ru\">baituganova.an@mail.ru<\/a><\/td><td><div id=\"f_social_icons\">\n<div id=\"facebook\"> <a href=\"https:\/\/www.facebook.com\/acceled.nursing\" target=\"_blank\" style=\"font-size: 20px;\" rel=\"noopener\"><i class=\"fa fa-facebook\"><\/i><\/a><\/div>\n<div id=\"yt\"> <a href=\"https:\/\/www.youtube.com\/channel\/UCdXTxX50W7rYpM_a7WcwyRA\" target=\"_blank\" style=\"font-size: 20px;\" rel=\"noopener\"><i class=\"fa fa-youtube\"><\/i><\/a><\/div>\n<div id=\"instagram\"> <a href=\"https:\/\/www.instagram.com\/acceled.nursing\/\" target=\"_blank\" style=\"font-size: 20px;\" rel=\"noopener\"><i class=\"fa fa-instagram\"><\/i><\/a><\/div>\n<p><\/p>\n<\/div><\/td><\/tr><\/tbody><tfoot><tr><td><\/td><td><\/td><td><\/td><\/tr><\/tfoot><\/table><\/figure>\n","protected":false},"excerpt":{"rendered":"<p>Address: Kazakhstan, Nur-Sultan city, Beybitshilik street 49A Contact us CoordinatorsEditorial teamFollow usJ\u016brat\u0117 Macijauskien\u0117, project coordinatorjurate.macijauskiene@lsmuni.lt\u017divil\u0117 Kepe\u017einskien\u0117, project managerzivile.kepezinskiene@lsmu.ltASTANA MEDICAL UNIVERSITY Beybitshilik street 49A acceled.nursing@gmail.com Dinara Kozhakhmetova, responsible for WP4 Disseminationkozhahmetova.d@amu.kz Baituganova Aizhan Nurzhanovna ,\u00a0Master of Nursingbaituganova.an@mail.ru<i class=\"readmore-sep\"><\/i><\/p>\n<div class=\"readmore\"><a href=\"https:\/\/project-acceled.amu.kz\/en\/contacts\/\">\u0427\u0438\u0442\u0430\u0442\u044c \u0434\u0430\u043b\u0435\u0435<\/a><\/div>\n","protected":false},"author":1,"featured_media":0,"parent":0,"menu_order":8,"comment_status":"closed","ping_status":"closed","template":"","meta":{"footnotes":""},"categories":[],"tags":[],"class_list":["post-7569","page","type-page","status-publish","hentry"],"translation":{"provider":"WPGlobus","version":"3.0.0","language":"en","enabled_languages":["ru","en","es","de","fr","undefined"],"languages":{"ru":{"title":true,"content":true,"excerpt":false},"en":{"title":true,"content":true,"excerpt":false},"es":{"title":false,"content":false,"excerpt":false},"de":{"title":false,"content":false,"excerpt":false},"fr":{"title":false,"content":false,"excerpt":false},"undefined":{"title":false,"content":false,"excerpt":false}}},"_links":{"self":[{"href":"https:\/\/project-acceled.amu.kz\/en\/wp-json\/wp\/v2\/pages\/7569","targetHints":{"allow":["GET"]}}],"collection":[{"href":"https:\/\/project-acceled.amu.kz\/en\/wp-json\/wp\/v2\/pages"}],"about":[{"href":"https:\/\/project-acceled.amu.kz\/en\/wp-json\/wp\/v2\/types\/page"}],"author":[{"embeddable":true,"href":"https:\/\/project-acceled.amu.kz\/en\/wp-json\/wp\/v2\/users\/1"}],"replies":[{"embeddable":true,"href":"https:\/\/project-acceled.amu.kz\/en\/wp-json\/wp\/v2\/comments?post=7569"}],"version-history":[{"count":0,"href":"https:\/\/project-acceled.amu.kz\/en\/wp-json\/wp\/v2\/pages\/7569\/revisions"}],"wp:attachment":[{"href":"https:\/\/project-acceled.amu.kz\/en\/wp-json\/wp\/v2\/media?parent=7569"}],"wp:term":[{"taxonomy":"category","embeddable":true,"href":"https:\/\/project-acceled.amu.kz\/en\/wp-json\/wp\/v2\/categories?post=7569"},{"taxonomy":"post_tag","embeddable":true,"href":"https:\/\/project-acceled.amu.kz\/en\/wp-json\/wp\/v2\/tags?post=7569"}],"curies":[{"name":"wp","href":"https:\/\/api.w.org\/{rel}","templated":true}]}}