{"id":8507,"date":"2021-09-14T22:04:38","date_gmt":"2021-09-14T16:04:38","guid":{"rendered":"https:\/\/projectacceled.com\/?page_id=8507"},"modified":"2022-07-14T12:22:29","modified_gmt":"2022-07-14T06:22:29","slug":"blogs","status":"publish","type":"page","link":"https:\/\/project-acceled.amu.kz\/en\/blogs\/","title":{"rendered":"Blogs"},"content":{"rendered":"\n<p class=\"has-text-align-left has-medium-font-size\"><strong>AccelEd-Blog<\/strong><\/p>\n\n\n\n<p>In the AccelEd-Blog the European and Kazakhstani nursing scientists, educators and professionals share their views, experiences, results and recommendations related to the project \u201cAccelerating Master and PhD level nursing education development in the higher education system in Kazakhstan \u2013 AccelEd\u201c. The aim of the AccelEd-Blog is to disseminate the project results and strengthening the status of nursing science by publishing short blog-articles on topics of contemporary issues in global nursing, nursing science, nursing research, collaboration between higher education and clinical practice, evidence-based nursing and postgraduate nursing education.<\/p>\n\n\n\n<p class=\"has-medium-font-size\"><strong>Editorial board:<\/strong><\/p>\n\n\n\n<p><strong>J\u016brat\u0117 Macijauskien\u0117<\/strong>, Dean of the Faculty of Nursing, Professor of Geriatric Department, Lithuanian University of Health Sciences, Lithuania<\/p>\n\n\n\n<p><strong>Heli Vaartio-Rajalin<\/strong>, Associate professor in gerontological care, \u00c5bo Akademi University, Health Sciences, Finland<\/p>\n\n\n\n<p><strong>Johanna Heikkil\u00e4<\/strong>, Senior advisor, JAMK Univeristy of Applied Sciences, Finland<\/p>\n\n\n\n<p><strong>Zhuldyz Kuanysh<\/strong>, PhD student in Public Health, Public Relations specialist, Karaganda Medical University, Kazakhstan<\/p>\n\n\n\n<p><strong>Paolo Colet<\/strong>, Assistant Professor of School of Medicine, Nazarbayev University, Kazakhstan<\/p>\n\n\n\n<p><strong>Th\u00f3ra B. Hafsteinsd\u00f3ttir<\/strong>, Senior researcher, Nursing Science Department, UMC Utrecht\/University Utrecht, Netherlands<\/p>\n\n\n\n<p><strong>\u00a0Baituganova Aizhan Nurzhanovna<\/strong>,\u00a0Master of Nursing.<\/p>\n\n\n\n<p><\/p>\n\n\n\n<p><strong><a href=\"https:\/\/projectacceled.com\/requirements-for-preparing-blogs\/\"><em>Requirements for preparing a blog<\/em><\/a><\/strong><\/p>\n\n\n\n<hr class=\"wp-block-separator has-css-opacity\"\/>\n","protected":false},"excerpt":{"rendered":"<p>AccelEd-Blog In the AccelEd-Blog the European and Kazakhstani nursing scientists, educators and professionals share their views, experiences, results and recommendations related to the project \u201cAccelerating Master and PhD level nursing education development in the higher education system in Kazakhstan \u2013 AccelEd\u201c. The aim of the AccelEd-Blog is to disseminate the project results and strengthening the&hellip;<i class=\"readmore-sep\"><\/i><\/p>\n<div class=\"readmore\"><a href=\"https:\/\/project-acceled.amu.kz\/en\/blogs\/\">\u0427\u0438\u0442\u0430\u0442\u044c \u0434\u0430\u043b\u0435\u0435<\/a><\/div>\n","protected":false},"author":1,"featured_media":8813,"parent":0,"menu_order":7,"comment_status":"closed","ping_status":"closed","template":"","meta":{"footnotes":""},"categories":[],"tags":[],"class_list":["post-8507","page","type-page","status-publish","has-post-thumbnail","hentry"],"translation":{"provider":"WPGlobus","version":"3.0.0","language":"en","enabled_languages":["ru","en","es","de","fr","undefined"],"languages":{"ru":{"title":true,"content":true,"excerpt":false},"en":{"title":true,"content":true,"excerpt":false},"es":{"title":false,"content":false,"excerpt":false},"de":{"title":false,"content":false,"excerpt":false},"fr":{"title":false,"content":false,"excerpt":false},"undefined":{"title":false,"content":false,"excerpt":false}}},"_links":{"self":[{"href":"https:\/\/project-acceled.amu.kz\/en\/wp-json\/wp\/v2\/pages\/8507","targetHints":{"allow":["GET"]}}],"collection":[{"href":"https:\/\/project-acceled.amu.kz\/en\/wp-json\/wp\/v2\/pages"}],"about":[{"href":"https:\/\/project-acceled.amu.kz\/en\/wp-json\/wp\/v2\/types\/page"}],"author":[{"embeddable":true,"href":"https:\/\/project-acceled.amu.kz\/en\/wp-json\/wp\/v2\/users\/1"}],"replies":[{"embeddable":true,"href":"https:\/\/project-acceled.amu.kz\/en\/wp-json\/wp\/v2\/comments?post=8507"}],"version-history":[{"count":0,"href":"https:\/\/project-acceled.amu.kz\/en\/wp-json\/wp\/v2\/pages\/8507\/revisions"}],"wp:featuredmedia":[{"embeddable":true,"href":"https:\/\/project-acceled.amu.kz\/en\/wp-json\/wp\/v2\/media\/8813"}],"wp:attachment":[{"href":"https:\/\/project-acceled.amu.kz\/en\/wp-json\/wp\/v2\/media?parent=8507"}],"wp:term":[{"taxonomy":"category","embeddable":true,"href":"https:\/\/project-acceled.amu.kz\/en\/wp-json\/wp\/v2\/categories?post=8507"},{"taxonomy":"post_tag","embeddable":true,"href":"https:\/\/project-acceled.amu.kz\/en\/wp-json\/wp\/v2\/tags?post=8507"}],"curies":[{"name":"wp","href":"https:\/\/api.w.org\/{rel}","templated":true}]}}